{"id":519,"date":"2022-09-10T13:28:13","date_gmt":"2022-09-10T13:28:13","guid":{"rendered":"https:\/\/www.hatipoglutarim.com\/?post_type=product&#038;p=519"},"modified":"2022-09-23T17:00:30","modified_gmt":"2022-09-23T17:00:30","slug":"tomato-cocktail","status":"publish","type":"product","link":"https:\/\/www.hatipoglutarim.com\/ar\/urun\/tomato-cocktail\/","title":{"rendered":"Tomato Cocktail"},"content":{"rendered":"<p><img loading=\"lazy\" decoding=\"async\" class=\"alignnone size-medium wp-image-691\" src=\"http:\/\/www.hatipoglutarim.com\/wp-content\/uploads\/2022\/09\/d1-300x300.png\" alt=\"\" width=\"300\" height=\"300\" srcset=\"https:\/\/www.hatipoglutarim.com\/ar\/wp-content\/uploads\/sites\/8\/2022\/09\/d1-300x300.png 300w, https:\/\/www.hatipoglutarim.com\/ar\/wp-content\/uploads\/sites\/8\/2022\/09\/d1-1024x1024.png 1024w, https:\/\/www.hatipoglutarim.com\/ar\/wp-content\/uploads\/sites\/8\/2022\/09\/d1-150x150.png 150w, https:\/\/www.hatipoglutarim.com\/ar\/wp-content\/uploads\/sites\/8\/2022\/09\/d1-768x768.png 768w, https:\/\/www.hatipoglutarim.com\/ar\/wp-content\/uploads\/sites\/8\/2022\/09\/d1-600x600.png 600w, https:\/\/www.hatipoglutarim.com\/ar\/wp-content\/uploads\/sites\/8\/2022\/09\/d1-100x100.png 100w, https:\/\/www.hatipoglutarim.com\/ar\/wp-content\/uploads\/sites\/8\/2022\/09\/d1.png 1080w\" sizes=\"(max-width: 300px) 100vw, 300px\" \/> <img loading=\"lazy\" decoding=\"async\" class=\"alignnone size-medium wp-image-692\" src=\"http:\/\/www.hatipoglutarim.com\/wp-content\/uploads\/2022\/09\/d2-300x300.png\" alt=\"\" width=\"300\" height=\"300\" srcset=\"https:\/\/www.hatipoglutarim.com\/ar\/wp-content\/uploads\/sites\/8\/2022\/09\/d2-300x300.png 300w, https:\/\/www.hatipoglutarim.com\/ar\/wp-content\/uploads\/sites\/8\/2022\/09\/d2-1024x1024.png 1024w, https:\/\/www.hatipoglutarim.com\/ar\/wp-content\/uploads\/sites\/8\/2022\/09\/d2-150x150.png 150w, https:\/\/www.hatipoglutarim.com\/ar\/wp-content\/uploads\/sites\/8\/2022\/09\/d2-768x768.png 768w, https:\/\/www.hatipoglutarim.com\/ar\/wp-content\/uploads\/sites\/8\/2022\/09\/d2-600x600.png 600w, https:\/\/www.hatipoglutarim.com\/ar\/wp-content\/uploads\/sites\/8\/2022\/09\/d2-100x100.png 100w, https:\/\/www.hatipoglutarim.com\/ar\/wp-content\/uploads\/sites\/8\/2022\/09\/d2.png 1080w\" sizes=\"(max-width: 300px) 100vw, 300px\" \/> <img loading=\"lazy\" decoding=\"async\" class=\"alignnone size-medium wp-image-693\" src=\"http:\/\/www.hatipoglutarim.com\/wp-content\/uploads\/2022\/09\/d3-300x300.png\" alt=\"\" width=\"300\" height=\"300\" srcset=\"https:\/\/www.hatipoglutarim.com\/ar\/wp-content\/uploads\/sites\/8\/2022\/09\/d3-300x300.png 300w, https:\/\/www.hatipoglutarim.com\/ar\/wp-content\/uploads\/sites\/8\/2022\/09\/d3-1024x1024.png 1024w, https:\/\/www.hatipoglutarim.com\/ar\/wp-content\/uploads\/sites\/8\/2022\/09\/d3-150x150.png 150w, https:\/\/www.hatipoglutarim.com\/ar\/wp-content\/uploads\/sites\/8\/2022\/09\/d3-768x768.png 768w, https:\/\/www.hatipoglutarim.com\/ar\/wp-content\/uploads\/sites\/8\/2022\/09\/d3-600x600.png 600w, https:\/\/www.hatipoglutarim.com\/ar\/wp-content\/uploads\/sites\/8\/2022\/09\/d3-100x100.png 100w, https:\/\/www.hatipoglutarim.com\/ar\/wp-content\/uploads\/sites\/8\/2022\/09\/d3.png 1080w\" sizes=\"(max-width: 300px) 100vw, 300px\" \/><\/p>\n","protected":false},"excerpt":{"rendered":"<div><\/div>\n<div><span style=\"vertical-align: inherit;\"><span style=\"vertical-align: inherit;\">Domatesin y\u00fcksek miktarda A ve C vitamini i\u00e7erdi\u011fi bilinmektedir. Ayr\u0131ca folik asit miktar\u0131 a\u00e7\u0131s\u0131ndan da zengindir.<\/span><\/span><\/div>\n<ul>\n<li><span style=\"vertical-align: inherit;\"><span style=\"vertical-align: inherit;\">KARTON KUTU (30X50X17)<\/span><\/span><\/li>\n<\/ul>\n","protected":false},"featured_media":691,"template":"","meta":[],"product_cat":[16],"product_tag":[],"_links":{"self":[{"href":"https:\/\/www.hatipoglutarim.com\/ar\/wp-json\/wp\/v2\/product\/519"}],"collection":[{"href":"https:\/\/www.hatipoglutarim.com\/ar\/wp-json\/wp\/v2\/product"}],"about":[{"href":"https:\/\/www.hatipoglutarim.com\/ar\/wp-json\/wp\/v2\/types\/product"}],"wp:featuredmedia":[{"embeddable":true,"href":"https:\/\/www.hatipoglutarim.com\/ar\/wp-json\/wp\/v2\/media\/691"}],"wp:attachment":[{"href":"https:\/\/www.hatipoglutarim.com\/ar\/wp-json\/wp\/v2\/media?parent=519"}],"wp:term":[{"taxonomy":"product_cat","embeddable":true,"href":"https:\/\/www.hatipoglutarim.com\/ar\/wp-json\/wp\/v2\/product_cat?post=519"},{"taxonomy":"product_tag","embeddable":true,"href":"https:\/\/www.hatipoglutarim.com\/ar\/wp-json\/wp\/v2\/product_tag?post=519"}],"curies":[{"name":"wp","href":"https:\/\/api.w.org\/{rel}","templated":true}]}}