{"id":522,"date":"2022-09-10T13:33:28","date_gmt":"2022-09-10T13:33:28","guid":{"rendered":"https:\/\/www.hatipoglutarim.com\/?post_type=product&#038;p=522"},"modified":"2022-09-23T17:04:35","modified_gmt":"2022-09-23T17:04:35","slug":"grape-tomatoes","status":"publish","type":"product","link":"https:\/\/www.hatipoglutarim.com\/it\/urun\/grape-tomatoes\/","title":{"rendered":"Tomatoes"},"content":{"rendered":"<figure id=\"attachment_695\" aria-describedby=\"caption-attachment-695\" style=\"width: 300px\" class=\"wp-caption alignnone\"><img loading=\"lazy\" decoding=\"async\" class=\"size-medium wp-image-695\" src=\"http:\/\/www.hatipoglutarim.com\/wp-content\/uploads\/2022\/09\/one-fresh-red-tomato-isolated-white-300x200.jpg\" alt=\"\" width=\"300\" height=\"200\" srcset=\"https:\/\/www.hatipoglutarim.com\/it\/wp-content\/uploads\/sites\/5\/2022\/09\/one-fresh-red-tomato-isolated-white-300x200.jpg 300w, https:\/\/www.hatipoglutarim.com\/it\/wp-content\/uploads\/sites\/5\/2022\/09\/one-fresh-red-tomato-isolated-white-1024x683.jpg 1024w, https:\/\/www.hatipoglutarim.com\/it\/wp-content\/uploads\/sites\/5\/2022\/09\/one-fresh-red-tomato-isolated-white-768x512.jpg 768w, https:\/\/www.hatipoglutarim.com\/it\/wp-content\/uploads\/sites\/5\/2022\/09\/one-fresh-red-tomato-isolated-white-1536x1024.jpg 1536w, https:\/\/www.hatipoglutarim.com\/it\/wp-content\/uploads\/sites\/5\/2022\/09\/one-fresh-red-tomato-isolated-white-2048x1365.jpg 2048w, https:\/\/www.hatipoglutarim.com\/it\/wp-content\/uploads\/sites\/5\/2022\/09\/one-fresh-red-tomato-isolated-white-600x400.jpg 600w\" sizes=\"(max-width: 300px) 100vw, 300px\" \/><figcaption id=\"caption-attachment-695\" class=\"wp-caption-text\"><span style=\"vertical-align: inherit;\"><span style=\"vertical-align: inherit;\">beyaz izole bir taze k\u0131rm\u0131z\u0131 domates<\/span><\/span><\/figcaption><\/figure>\n<p>&nbsp;<\/p>\n","protected":false},"excerpt":{"rendered":"<p><span style=\"vertical-align: inherit;\"><span style=\"vertical-align: inherit;\"><span style=\"vertical-align: inherit;\"><span style=\"vertical-align: inherit;\"><span style=\"vertical-align: inherit;\"><span style=\"vertical-align: inherit;\">ili\u015fkinin i\u00e7inde bulunanlar. <\/span><\/span><\/span><span style=\"vertical-align: inherit;\"><span style=\"vertical-align: inherit;\"><span style=\"vertical-align: inherit;\">Ayr\u0131ca folik i\u00e7in de zengindir.<\/span><\/span><\/span><\/span><\/span><\/span><\/p>\n<ul>\n<li><span style=\"vertical-align: inherit;\"><span style=\"vertical-align: inherit;\"><span style=\"vertical-align: inherit;\"><span style=\"vertical-align: inherit;\"><span style=\"vertical-align: inherit;\"><span style=\"vertical-align: inherit;\">KARTON KUTU (30x40x14)<\/span><\/span><\/span><\/span><\/span><\/span><\/li>\n<\/ul>\n","protected":false},"featured_media":695,"template":"","meta":[],"product_cat":[16],"product_tag":[],"_links":{"self":[{"href":"https:\/\/www.hatipoglutarim.com\/it\/wp-json\/wp\/v2\/product\/522"}],"collection":[{"href":"https:\/\/www.hatipoglutarim.com\/it\/wp-json\/wp\/v2\/product"}],"about":[{"href":"https:\/\/www.hatipoglutarim.com\/it\/wp-json\/wp\/v2\/types\/product"}],"wp:featuredmedia":[{"embeddable":true,"href":"https:\/\/www.hatipoglutarim.com\/it\/wp-json\/wp\/v2\/media\/695"}],"wp:attachment":[{"href":"https:\/\/www.hatipoglutarim.com\/it\/wp-json\/wp\/v2\/media?parent=522"}],"wp:term":[{"taxonomy":"product_cat","embeddable":true,"href":"https:\/\/www.hatipoglutarim.com\/it\/wp-json\/wp\/v2\/product_cat?post=522"},{"taxonomy":"product_tag","embeddable":true,"href":"https:\/\/www.hatipoglutarim.com\/it\/wp-json\/wp\/v2\/product_tag?post=522"}],"curies":[{"name":"wp","href":"https:\/\/api.w.org\/{rel}","templated":true}]}}