{"id":653,"date":"2022-09-11T12:52:39","date_gmt":"2022-09-11T12:52:39","guid":{"rendered":"https:\/\/www.hatipoglutarim.com\/?post_type=product&#038;p=653"},"modified":"2022-09-23T16:54:02","modified_gmt":"2022-09-23T16:54:02","slug":"golden-strawberries","status":"publish","type":"product","link":"https:\/\/www.hatipoglutarim.com\/it\/urun\/golden-strawberries\/","title":{"rendered":"Golden Strawberries"},"content":{"rendered":"<p><img loading=\"lazy\" decoding=\"async\" class=\"alignnone size-medium wp-image-689\" src=\"http:\/\/www.hatipoglutarim.com\/wp-content\/uploads\/2022\/09\/a1-300x300.png\" alt=\"\" width=\"300\" height=\"300\" srcset=\"https:\/\/www.hatipoglutarim.com\/it\/wp-content\/uploads\/sites\/5\/2022\/09\/a1-300x300.png 300w, https:\/\/www.hatipoglutarim.com\/it\/wp-content\/uploads\/sites\/5\/2022\/09\/a1-1024x1024.png 1024w, https:\/\/www.hatipoglutarim.com\/it\/wp-content\/uploads\/sites\/5\/2022\/09\/a1-150x150.png 150w, https:\/\/www.hatipoglutarim.com\/it\/wp-content\/uploads\/sites\/5\/2022\/09\/a1-768x768.png 768w, https:\/\/www.hatipoglutarim.com\/it\/wp-content\/uploads\/sites\/5\/2022\/09\/a1-600x600.png 600w, https:\/\/www.hatipoglutarim.com\/it\/wp-content\/uploads\/sites\/5\/2022\/09\/a1-100x100.png 100w, https:\/\/www.hatipoglutarim.com\/it\/wp-content\/uploads\/sites\/5\/2022\/09\/a1.png 1080w\" sizes=\"(max-width: 300px) 100vw, 300px\" \/> <img loading=\"lazy\" decoding=\"async\" class=\"alignnone size-medium wp-image-690\" src=\"http:\/\/www.hatipoglutarim.com\/wp-content\/uploads\/2022\/09\/a3-300x300.png\" alt=\"\" width=\"300\" height=\"300\" srcset=\"https:\/\/www.hatipoglutarim.com\/it\/wp-content\/uploads\/sites\/5\/2022\/09\/a3-300x300.png 300w, https:\/\/www.hatipoglutarim.com\/it\/wp-content\/uploads\/sites\/5\/2022\/09\/a3-1024x1024.png 1024w, https:\/\/www.hatipoglutarim.com\/it\/wp-content\/uploads\/sites\/5\/2022\/09\/a3-150x150.png 150w, https:\/\/www.hatipoglutarim.com\/it\/wp-content\/uploads\/sites\/5\/2022\/09\/a3-768x768.png 768w, https:\/\/www.hatipoglutarim.com\/it\/wp-content\/uploads\/sites\/5\/2022\/09\/a3-600x600.png 600w, https:\/\/www.hatipoglutarim.com\/it\/wp-content\/uploads\/sites\/5\/2022\/09\/a3-100x100.png 100w, https:\/\/www.hatipoglutarim.com\/it\/wp-content\/uploads\/sites\/5\/2022\/09\/a3.png 1080w\" sizes=\"(max-width: 300px) 100vw, 300px\" \/><\/p>\n","protected":false},"excerpt":{"rendered":"<p><span style=\"vertical-align: inherit;\"><span style=\"vertical-align: inherit;\"><span style=\"vertical-align: inherit;\"><span style=\"vertical-align: inherit;\">Alt\u0131n \u00c7ile\u011fin faydalar\u0131n\u0131 \u015fu \u015fekilde s\u0131ralayabiliriz: <\/span><\/span><\/span><\/span><br \/>\n<span style=\"vertical-align: inherit;\"><span style=\"vertical-align: inherit;\"><span style=\"vertical-align: inherit;\"><span style=\"vertical-align: inherit;\">D\u00fcnyan\u0131n en zengin ya\u015fam sahiplerine sahiptir. <\/span><\/span><\/span><\/span><br \/>\n<span style=\"vertical-align: inherit;\"><span style=\"vertical-align: inherit;\"><span style=\"vertical-align: inherit;\"><span style=\"vertical-align: inherit;\">Kilo yardimciligi \u00f6zellikleri ile bilinir. <\/span><\/span><\/span><\/span><br \/>\n<span style=\"vertical-align: inherit;\"><span style=\"vertical-align: inherit;\"><span style=\"vertical-align: inherit;\"><span style=\"vertical-align: inherit;\">\u015eeker hastalar\u0131 i\u00e7in faydal\u0131 olacakt\u0131r. <\/span><\/span><\/span><\/span><br \/>\n<span style=\"vertical-align: inherit;\"><span style=\"vertical-align: inherit;\"><span style=\"vertical-align: inherit;\"><span style=\"vertical-align: inherit;\">Antioksidanlar b\u00fcy\u00fcd\u00fcler.<\/span><\/span><\/span><\/span><\/p>\n<ul>\n<li><span style=\"vertical-align: inherit;\"><span style=\"vertical-align: inherit;\"><span style=\"vertical-align: inherit;\"><span style=\"vertical-align: inherit;\">KARTON KUTU (30x40x14) <\/span><\/span><\/span><\/span><br \/>\n<span style=\"vertical-align: inherit;\"><span style=\"vertical-align: inherit;\"><span style=\"vertical-align: inherit;\"><span style=\"vertical-align: inherit;\">PLAST\u0130K KUTU (30x50x22) <\/span><\/span><\/span><\/span><br \/>\n<span style=\"vertical-align: inherit;\"><span style=\"vertical-align: inherit;\"><span style=\"vertical-align: inherit;\"><span style=\"vertical-align: inherit;\">KARTON KUTU ( 40x60x10 \u015eALE )<\/span><\/span><\/span><\/span><\/li>\n<\/ul>\n","protected":false},"featured_media":690,"template":"","meta":[],"product_cat":[17],"product_tag":[],"_links":{"self":[{"href":"https:\/\/www.hatipoglutarim.com\/it\/wp-json\/wp\/v2\/product\/653"}],"collection":[{"href":"https:\/\/www.hatipoglutarim.com\/it\/wp-json\/wp\/v2\/product"}],"about":[{"href":"https:\/\/www.hatipoglutarim.com\/it\/wp-json\/wp\/v2\/types\/product"}],"wp:featuredmedia":[{"embeddable":true,"href":"https:\/\/www.hatipoglutarim.com\/it\/wp-json\/wp\/v2\/media\/690"}],"wp:attachment":[{"href":"https:\/\/www.hatipoglutarim.com\/it\/wp-json\/wp\/v2\/media?parent=653"}],"wp:term":[{"taxonomy":"product_cat","embeddable":true,"href":"https:\/\/www.hatipoglutarim.com\/it\/wp-json\/wp\/v2\/product_cat?post=653"},{"taxonomy":"product_tag","embeddable":true,"href":"https:\/\/www.hatipoglutarim.com\/it\/wp-json\/wp\/v2\/product_tag?post=653"}],"curies":[{"name":"wp","href":"https:\/\/api.w.org\/{rel}","templated":true}]}}