{"id":21,"date":"2021-10-30T10:40:37","date_gmt":"2021-10-30T10:40:37","guid":{"rendered":"https:\/\/www.hatipoglutarim.com\/?page_id=21"},"modified":"2022-03-07T12:34:43","modified_gmt":"2022-03-07T12:34:43","slug":"contact","status":"publish","type":"page","link":"https:\/\/www.hatipoglutarim.com\/ru\/contact\/","title":{"rendered":"Contact"},"content":{"rendered":"\t<section class=\"section\" id=\"section_722029227\">\n\t\t<div class=\"bg section-bg fill bg-fill  bg-loaded\" >\n\n\t\t\t\n\t\t\t\n\t\t\t\n\n\t\t<\/div>\n\n\t\t<div class=\"section-content relative\">\n\t\t\t\n<span class=\"scroll-to\" data-label=\"Scroll to: #contact\" data-bullet=\"false\" data-link=\"#contact\" data-title=\"contact\"><a name=\"contact\"><\/a><\/span>\n<div class=\"container section-title-container\" ><h3 class=\"section-title section-title-center\"><b><\/b><span class=\"section-title-main\" >Contact Us<\/span><b><\/b><\/h3><\/div>\n<div class=\"row\"  id=\"row-639561958\">\n\n\t<div id=\"col-785782451\" class=\"col medium-6 small-12 large-6\"  >\n\t\t<div class=\"col-inner\"  >\n\t\t\t\n\t\t\t\n<p><iframe src=\"https:\/\/www.google.com\/maps\/embed?pb=!1m14!1m8!1m3!1d51012.61737172406!2d30.928562!3d36.955164!3m2!1i1024!2i768!4f13.1!3m3!1m2!1s0x0%3A0xa79e74dc064c0b72!2sHatipo%C4%9Flu%20Tar%C4%B1m%20So%C4%9Fuk%20Hava%20Tesisleri!5e0!3m2!1str!2sus!4v1638054174994!5m2!1str!2sus\" width=\"600\" height=\"450\" style=\"border:0;\" allowfullscreen=\"\" loading=\"lazy\"><\/iframe><\/p>\n\t\t<\/div>\n\t\t\t<\/div>\n\n\t\n\n\t<div id=\"col-1745069316\" class=\"col medium-6 small-12 large-6\"  >\n\t\t<div class=\"col-inner\"  >\n\t\t\t\n\t\t\t\n<div class=\"row\"  id=\"row-1316408011\">\n\n\t<div id=\"col-1266585321\" class=\"col medium-6 small-12 large-6\"  >\n\t\t<div class=\"col-inner\"  >\n\t\t\t\n\t\t\t\n\n\t<a class=\"plain\" href=\"tel:+902423395525\"  >\t<div class=\"icon-box featured-box icon-box-center text-center\"  >\n\t\t\t\t\t<div class=\"icon-box-img\" style=\"width: 60px\">\n\t\t\t\t<div class=\"icon\">\n\t\t\t\t\t<div class=\"icon-inner\" >\n\t\t\t\t\t\t<img loading=\"lazy\" decoding=\"async\" width=\"128\" height=\"128\" src=\"https:\/\/www.hatipoglutarim.com\/ru\/wp-content\/uploads\/sites\/7\/2021\/11\/phone-call.png\" class=\"attachment-medium size-medium\" alt=\"\" srcset=\"https:\/\/www.hatipoglutarim.com\/ru\/wp-content\/uploads\/sites\/7\/2021\/11\/phone-call.png 128w, https:\/\/www.hatipoglutarim.com\/ru\/wp-content\/uploads\/sites\/7\/2021\/11\/phone-call-100x100.png 100w\" sizes=\"(max-width: 128px) 100vw, 128px\" \/>\t\t\t\t\t<\/div>\n\t\t\t\t<\/div>\n\t\t\t<\/div>\n\t\t\t\t<div class=\"icon-box-text last-reset\">\n\t\t\t\t\t\t\t\t\t\n<h3>+90 242 339 55 25<\/h3>\n\t\t<\/div>\n\t<\/div>\n\t<\/a>\n\t\n\t\t<\/div>\n\t\t\t<\/div>\n\n\t\n\n\t<div id=\"col-2057705091\" class=\"col medium-6 small-12 large-6\"  >\n\t\t<div class=\"col-inner\"  >\n\t\t\t\n\t\t\t\n\n\t<a class=\"plain\" href=\"mailto:info@hatipoglutarim.com\"  >\t<div class=\"icon-box featured-box icon-box-center text-center\"  >\n\t\t\t\t\t<div class=\"icon-box-img\" style=\"width: 60px\">\n\t\t\t\t<div class=\"icon\">\n\t\t\t\t\t<div class=\"icon-inner\" >\n\t\t\t\t\t\t<img loading=\"lazy\" decoding=\"async\" width=\"128\" height=\"128\" src=\"https:\/\/www.hatipoglutarim.com\/ru\/wp-content\/uploads\/sites\/7\/2021\/11\/email.png\" class=\"attachment-medium size-medium\" alt=\"\" srcset=\"https:\/\/www.hatipoglutarim.com\/ru\/wp-content\/uploads\/sites\/7\/2021\/11\/email.png 128w, https:\/\/www.hatipoglutarim.com\/ru\/wp-content\/uploads\/sites\/7\/2021\/11\/email-100x100.png 100w\" sizes=\"(max-width: 128px) 100vw, 128px\" \/>\t\t\t\t\t<\/div>\n\t\t\t\t<\/div>\n\t\t\t<\/div>\n\t\t\t\t<div class=\"icon-box-text last-reset\">\n\t\t\t\t\t\t\t\t\t\n<h3>info@hatipoglutarim.com<\/h3>\n\t\t<\/div>\n\t<\/div>\n\t<\/a>\n\t\n\t\t<\/div>\n\t\t\t<\/div>\n\n\t\n<\/div>\n\n<div class=\"wpcf7 no-js\" id=\"wpcf7-f271-o1\" lang=\"en-US\" dir=\"ltr\">\n<div class=\"screen-reader-response\"><p role=\"status\" aria-live=\"polite\" aria-atomic=\"true\"><\/p> <ul><\/ul><\/div>\n<form action=\"\/ru\/wp-json\/wp\/v2\/pages\/21#wpcf7-f271-o1\" method=\"post\" class=\"wpcf7-form init\" aria-label=\"Contact form\" novalidate=\"novalidate\" data-status=\"init\">\n<div style=\"display: none;\">\n<input type=\"hidden\" name=\"_wpcf7\" value=\"271\" \/>\n<input type=\"hidden\" name=\"_wpcf7_version\" value=\"5.8.3\" \/>\n<input type=\"hidden\" name=\"_wpcf7_locale\" value=\"en_US\" \/>\n<input type=\"hidden\" name=\"_wpcf7_unit_tag\" value=\"wpcf7-f271-o1\" \/>\n<input type=\"hidden\" name=\"_wpcf7_container_post\" value=\"0\" \/>\n<input type=\"hidden\" name=\"_wpcf7_posted_data_hash\" value=\"\" \/>\n<\/div>\n<p><label> Your name<br \/>\n<span class=\"wpcf7-form-control-wrap\" data-name=\"your-name\"><input size=\"40\" class=\"wpcf7-form-control wpcf7-text wpcf7-validates-as-required\" aria-required=\"true\" aria-invalid=\"false\" value=\"\" type=\"text\" name=\"your-name\" \/><\/span> <\/label>\n<\/p>\n<p><label> Your email<br \/>\n<span class=\"wpcf7-form-control-wrap\" data-name=\"your-email\"><input size=\"40\" class=\"wpcf7-form-control wpcf7-email wpcf7-validates-as-required wpcf7-text wpcf7-validates-as-email\" aria-required=\"true\" aria-invalid=\"false\" value=\"\" type=\"email\" name=\"your-email\" \/><\/span> <\/label>\n<\/p>\n<p><label> Your message (optional)<br \/>\n<span class=\"wpcf7-form-control-wrap\" data-name=\"your-message\"><textarea cols=\"40\" rows=\"10\" class=\"wpcf7-form-control wpcf7-textarea\" aria-invalid=\"false\" name=\"your-message\"><\/textarea><\/span> <\/label>\n<\/p>\n<p><input class=\"wpcf7-form-control wpcf7-submit has-spinner\" type=\"submit\" value=\"Submit\" \/>\n<\/p><div class=\"wpcf7-response-output\" aria-hidden=\"true\"><\/div>\n<\/form>\n<\/div>\n\n\t\t<\/div>\n\t\t\t<\/div>\n\n\t\n<\/div>\n\t\t<\/div>\n\n\t\t\n<style>\n#section_722029227 {\n  padding-top: 30px;\n  padding-bottom: 30px;\n  background-color: rgb(255,255,255);\n}\n<\/style>\n\t<\/section>\n\t\n\t<section class=\"section\" id=\"section_1410217770\">\n\t\t<div class=\"bg section-bg fill bg-fill  bg-loaded\" >\n\n\t\t\t\n\t\t\t\n\t\t\t\n\n\t\t<\/div>\n\n\t\t<div class=\"section-content relative\">\n\t\t\t\n<span class=\"scroll-to\" data-label=\"Scroll to: #branches\" data-bullet=\"false\" data-link=\"#branches\" data-title=\"branches\"><a name=\"branches\"><\/a><\/span>\n<div class=\"container section-title-container\" ><h3 class=\"section-title section-title-center\"><b><\/b><span class=\"section-title-main\" >Our Branches<\/span><b><\/b><\/h3><\/div>\n<div class=\"row\"  id=\"row-1356869531\">\n\n\t<div id=\"col-1112175878\" class=\"col medium-6 small-12 large-6\"  >\n\t\t<div class=\"col-inner\"  >\n\t\t\t\n\t\t\t\n<div class=\"row align-middle\"  id=\"row-187349349\">\n\n\t<div id=\"col-135968239\" class=\"col medium-6 small-12 large-6\"  >\n\t\t<div class=\"col-inner\"  >\n\t\t\t\n\t\t\t\n<p><iframe src=\"https:\/\/www.google.com\/maps\/embed?pb=!1m14!1m8!1m3!1d408100.9389737925!2d30.928562!3d36.955164!3m2!1i1024!2i768!4f13.1!3m3!1m2!1s0x0%3A0xa79e74dc064c0b72!2sHatipo%C4%9Flu%20Tar%C4%B1m%20So%C4%9Fuk%20Hava%20Tesisleri!5e0!3m2!1str!2sus!4v1639898898823!5m2!1str!2sus\" width=\"600\" height=\"250\" style=\"border:0;\" allowfullscreen=\"\" loading=\"lazy\"><\/iframe><\/p>\n\t\t<\/div>\n\t\t\t<\/div>\n\n\t\n\n\t<div id=\"col-686803838\" class=\"col medium-6 small-12 large-6\"  >\n\t\t<div class=\"col-inner\"  >\n\t\t\t\n\t\t\t\n<h3>Abdurrahmanlar Packaging and Cold Air Facilities<\/h3>\n<p>Abdurrahmanlar Gebiz Yolu 1.km Azaplar Mh. Serik \/ Antalya \/ TR<\/p>\n<p><a href=\"tel:+902423395525\">+90 242 339 55 25<\/a>\u00a0 |\u00a0 <a href=\"tel:+902423394536\">+90 242 339 4536<\/a>\u00a0 |\u00a0 +<a href=\"tel:+902423391673\">90 242 339 16 73<\/a><\/p>\n<p><a href=\"mailto:info@hatipoglutarim.com\">info@hatipoglutarim.com<\/a><\/p>\n\t\t<\/div>\n\t\t\t<\/div>\n\n\t\n<\/div>\n\t\t<\/div>\n\t\t\t<\/div>\n\n\t\n\n\t<div id=\"col-905509463\" class=\"col medium-6 small-12 large-6\"  >\n\t\t<div class=\"col-inner\"  >\n\t\t\t\n\t\t\t\n<div class=\"row align-middle\"  id=\"row-47553216\">\n\n\t<div id=\"col-219637959\" class=\"col medium-6 small-12 large-6\"  >\n\t\t<div class=\"col-inner\"  >\n\t\t\t\n\t\t\t\n<p><iframe src=\"https:\/\/www.google.com\/maps\/embed?pb=!1m14!1m8!1m3!1d389655.82683251315!2d29.582416!3d40.271615!3m2!1i1024!2i768!4f13.1!3m3!1m2!1s0x0%3A0x1d628a87aeff6681!2zSGF0aXBvxJ9sdSBUYXLEsW0gxLB0aC4gxLBoci4!5e0!3m2!1str!2sus!4v1639899158206!5m2!1str!2sus\" width=\"600\" height=\"250\" style=\"border:0;\" allowfullscreen=\"\" loading=\"lazy\"><\/iframe><\/p>\n\t\t<\/div>\n\t\t\t<\/div>\n\n\t\n\n\t<div id=\"col-1654791148\" class=\"col medium-6 small-12 large-6\"  >\n\t\t<div class=\"col-inner\"  >\n\t\t\t\n\t\t\t\n<h3>Yeni\u015fehir Packaging and Cold Air Facilities<\/h3>\n<p>Bursa yolu 5. km Askeri Havaalan\u0131 Kar\u015f\u0131s\u0131 Yeni\u015fehir \/ Bursa<\/p>\n<p><a href=\"mailto:info@hatipoglutarim.com\">info@hatipoglutarim.com<\/a><\/p>\n\t\t<\/div>\n\t\t\t<\/div>\n\n\t\n<\/div>\n\t\t<\/div>\n\t\t\t<\/div>\n\n\t\n<\/div>\n<div class=\"row\"  id=\"row-1750166453\">\n\n\t<div id=\"col-1977013974\" class=\"col medium-6 small-12 large-6\"  >\n\t\t<div class=\"col-inner\"  >\n\t\t\t\n\t\t\t\n<div class=\"row align-middle\"  id=\"row-1110597017\">\n\n\t<div id=\"col-1295180755\" class=\"col medium-6 small-12 large-6\"  >\n\t\t<div class=\"col-inner\"  >\n\t\t\t\n\t\t\t\n<p><iframe src=\"https:\/\/www.google.com\/maps\/embed?pb=!1m14!1m8!1m3!1d400528.6900773695!2d28.53152!3d38.345964!3m2!1i1024!2i768!4f13.1!3m3!1m2!1s0x14b87c76050f837b%3A0xc92ae85d26b6d32d!2zSGF0aXBvxJ9sdSBUYXLEsW0gxLB0aC4gxLBoci4!5e0!3m2!1str!2sus!4v1639899245727!5m2!1str!2sus\" width=\"600\" height=\"250\" style=\"border:0;\" allowfullscreen=\"\" loading=\"lazy\"><\/iframe><\/p>\n\t\t<\/div>\n\t\t\t<\/div>\n\n\t\n\n\t<div id=\"col-1124418418\" class=\"col medium-6 small-12 large-6\"  >\n\t\t<div class=\"col-inner\"  >\n\t\t\t\n\t\t\t\n<h3>Ala\u015fehir Packaging and Cold Air Facilities<\/h3>\n<p>Sar\u0131g\u00f6l Yolu \u00c7ataltepe Mevkii Ala\u015fehir Giri\u015fi Ala\u015fehir \/ Manisa<\/p>\n<p><a href=\"mailto:info@hatipoglutarim.com\">info@hatipoglutarim.com<\/a><\/p>\n\t\t<\/div>\n\t\t\t<\/div>\n\n\t\n<\/div>\n\t\t<\/div>\n\t\t\t<\/div>\n\n\t\n\n\t<div id=\"col-1046311288\" class=\"col medium-6 small-12 large-6\"  >\n\t\t<div class=\"col-inner\"  >\n\t\t\t\n\t\t\t\n<div class=\"row align-middle\"  id=\"row-705432871\">\n\n\t<div id=\"col-1467981581\" class=\"col medium-6 small-12 large-6\"  >\n\t\t<div class=\"col-inner\"  >\n\t\t\t\n\t\t\t\n<p><iframe src=\"https:\/\/www.google.com\/maps\/embed?pb=!1m14!1m8!1m3!1d411163.9373987171!2d30.29108!3d36.37971!3m2!1i1024!2i768!4f13.1!3m3!1m2!1s0x14c225874c699577%3A0xdc3a2385342ce0df!2zQmHEn2zEsWssIEt1bWx1Y2EgVG9wdGFuY8SxIEhhbGksIDA3MzUwIEt1bWx1Y2EvQW50YWx5YSwgVMO8cmtpeWU!5e0!3m2!1str!2sus!4v1639899221384!5m2!1str!2sus\" width=\"600\" height=\"250\" style=\"border:0;\" allowfullscreen=\"\" loading=\"lazy\"><\/iframe><\/p>\n\t\t<\/div>\n\t\t\t<\/div>\n\n\t\n\n\t<div id=\"col-1308901552\" class=\"col medium-6 small-12 large-6\"  >\n\t\t<div class=\"col-inner\"  >\n\t\t\t\n\t\t\t\n<h3>Mavikent Packaging and Cold Air Facilities<\/h3>\n<p>Mavikent Toptanci Hali No: 115 Kumluca \/ Antalya \/ TR<\/p>\n<p><a href=\"mailto:info@hatipoglutarim.com\">info@hatipoglutarim.com<\/a><\/p>\n\t\t<\/div>\n\t\t\t<\/div>\n\n\t\n<\/div>\n\t\t<\/div>\n\t\t\t<\/div>\n\n\t\n<\/div>\n\t\t<\/div>\n\n\t\t\n<style>\n#section_1410217770 {\n  padding-top: 30px;\n  padding-bottom: 30px;\n  background-color: rgb(238, 238, 238);\n}\n<\/style>\n\t<\/section>\n\t\n","protected":false},"excerpt":{"rendered":"","protected":false},"author":1,"featured_media":0,"parent":0,"menu_order":0,"comment_status":"closed","ping_status":"closed","template":"","meta":{"footnotes":""},"_links":{"self":[{"href":"https:\/\/www.hatipoglutarim.com\/ru\/wp-json\/wp\/v2\/pages\/21"}],"collection":[{"href":"https:\/\/www.hatipoglutarim.com\/ru\/wp-json\/wp\/v2\/pages"}],"about":[{"href":"https:\/\/www.hatipoglutarim.com\/ru\/wp-json\/wp\/v2\/types\/page"}],"author":[{"embeddable":true,"href":"https:\/\/www.hatipoglutarim.com\/ru\/wp-json\/wp\/v2\/users\/1"}],"replies":[{"embeddable":true,"href":"https:\/\/www.hatipoglutarim.com\/ru\/wp-json\/wp\/v2\/comments?post=21"}],"version-history":[{"count":6,"href":"https:\/\/www.hatipoglutarim.com\/ru\/wp-json\/wp\/v2\/pages\/21\/revisions"}],"predecessor-version":[{"id":428,"href":"https:\/\/www.hatipoglutarim.com\/ru\/wp-json\/wp\/v2\/pages\/21\/revisions\/428"}],"wp:attachment":[{"href":"https:\/\/www.hatipoglutarim.com\/ru\/wp-json\/wp\/v2\/media?parent=21"}],"curies":[{"name":"wp","href":"https:\/\/api.w.org\/{rel}","templated":true}]}}